{"id":2,"date":"2024-04-06T19:31:40","date_gmt":"2024-04-06T17:31:40","guid":{"rendered":"https:\/\/www.restaurangps.se\/?page_id=2"},"modified":"2026-04-26T09:01:41","modified_gmt":"2026-04-26T07:01:41","slug":"dagens-lunch-v-15","status":"publish","type":"page","link":"https:\/\/www.restaurangps.se\/","title":{"rendered":"Vecka 18"},"content":{"rendered":"\n<p><\/p>\n\n\n\n<p><br><strong><mark style=\"background-color:rgba(0, 0, 0, 0)\" class=\"has-inline-color has-luminous-vivid-orange-color\">Hos oss har ni m\u00f6jlighet att best\u00e4lla lunch direkt till arbetsplatsen \u2013 vi levererar maten smidigt och bekv\u00e4mt!<\/mark><\/strong><\/p>\n\n\n\n<div class=\"wp-block-columns is-layout-flex wp-container-core-columns-is-layout-2 wp-block-columns-is-layout-flex\">\n<div class=\"wp-block-column is-layout-flow wp-block-column-is-layout-flow\" style=\"flex-basis:100%\">\n<div class=\"wp-block-query is-layout-flow wp-block-query-is-layout-flow\">\n<div class=\"wp-block-columns is-layout-flex wp-container-core-columns-is-layout-1 wp-block-columns-is-layout-flex\">\n<div class=\"wp-block-column is-layout-flow wp-block-column-is-layout-flow\" style=\"flex-basis:80%\">\n<p><\/p>\n\n\n\n<p><\/p>\n\n\n\n<p class=\"has-text-align-center has-black-color has-text-color has-link-color wp-elements-0688f0a1e53bc96b3b6a6951af474015\" style=\"font-size:28px;font-style:normal;font-weight:500\">Varje dag serverar vi hemlagad raggmunk med stekt fl\u00e4sk och lingonsylt!<\/p>\n\n\n\n<p class=\"has-text-align-center\">G=Inneh\u00e5ller gluten, L=Inneh\u00e5ller laktos <\/p>\n\n\n\n<hr class=\"wp-block-separator alignwide has-alpha-channel-opacity is-style-default\"\/>\n\n\n\n<p class=\"has-text-align-center\"><strong>M\u00e5ndag<\/strong><\/p>\n\n\n\n<p class=\"has-text-align-center\">1: Husets k\u00f6ttbullar serveras med gr\u00e4dds\u00e5s, hemlagat potatismos samt lingonsylt (L)<\/p>\n\n\n\n<p class=\"has-text-align-center\">2: Spr\u00f6dbakad Alaska Pollockfil\u00e9 serveras med kall gr\u00e4sl\u00f6kss\u00e5s, citron och kokt potatis (G, \u00c4)<\/p>\n\n\n\n<p class=\"has-text-align-center\">3: Pasta med kyckling i currys\u00e5s (G, L)<\/p>\n\n\n\n<p class=\"has-text-align-center\">4: Gyros Alt. Kebab med pommes och mild s\u00e5s (G)<\/p>\n\n\n\n<hr class=\"wp-block-separator alignwide has-alpha-channel-opacity is-style-default\"\/>\n\n\n\n<p class=\"has-text-align-center\"><strong>Tisdag<\/strong><\/p>\n\n\n\n<p class=\"has-text-align-center\">1: Grillade kycklingl\u00e5rfil\u00e9er serveras med gr\u00f6npeppars\u00e5s och potatisgrat\u00e4ng (L)<\/p>\n\n\n\n<p class=\"has-text-align-center\">2: K\u00e5lpudding serveras med bruns\u00e5s, kokt potatis samt lingonsylt (L)<\/p>\n\n\n\n<p class=\"has-text-align-center\">3: Spr\u00f6dbakad r\u00f6dsp\u00e4tta serveras med kokt potatis samt kall s\u00e5s (G, L)<\/p>\n\n\n\n<p class=\"has-text-align-center\">4: Pasta med kyckling i currys\u00e5s (G, L)<\/p>\n\n\n\n<p class=\"has-text-align-center\">5: Gyros Alt. Kebab med pommes och mild s\u00e5s (G)<\/p>\n\n\n\n<hr class=\"wp-block-separator alignwide has-alpha-channel-opacity is-style-default\"\/>\n\n\n\n<p class=\"has-text-align-center\"><strong>Onsdag<\/strong><\/p>\n\n\n\n<p class=\"has-text-align-center\">1: Kr\u00e4mig gourmetgryta p\u00e5 h\u00f6grev serveras med hemlagat potatismos (L)<\/p>\n\n\n\n<p class=\"has-text-align-center\">2: Spr\u00f6dbakad Torskfil\u00e9 serveras med skolans kalla s\u00e5s, citron och kokt potatis (G, \u00c4)<\/p>\n\n\n\n<p class=\"has-text-align-center\">3: Pasta med kyckling i currys\u00e5s (G, L)<\/p>\n\n\n\n<p class=\"has-text-align-center\">4: Gyros Alt. Kebab med pommes och mild s\u00e5s (G)<\/p>\n\n\n\n<hr class=\"wp-block-separator alignwide has-alpha-channel-opacity is-style-default\"\/>\n\n\n\n<p class=\"has-text-align-center\"><strong>Torsdag<\/strong><\/p>\n\n\n\n<p class=\"has-text-align-center\">1: Schnitzel serveras med peppars\u00e5s och stekt kulpotatis (G, L, \u00c4)<\/p>\n\n\n\n<p class=\"has-text-align-center\">2: Spr\u00f6dbakad r\u00f6dsp\u00e4tta serveras med kokt potatis, citron och kall citrons\u00e5s (G, \u00c4)<\/p>\n\n\n\n<p class=\"has-text-align-center\">3: Pasta med kyckling i currys\u00e5s (G, L)<\/p>\n\n\n\n<p class=\"has-text-align-center\">4: Gyros Alt. Kebab med pommes och mild s\u00e5s (G)<\/p>\n\n\n\n<hr class=\"wp-block-separator alignwide has-alpha-channel-opacity is-style-default\"\/>\n\n\n\n<p class=\"has-text-align-center\"><strong>Fredag<\/strong><\/p>\n\n\n\n<p class=\"has-text-align-center\">1 Maj St\u00e4ngt<\/p>\n\n\n\n<hr class=\"wp-block-separator alignwide has-alpha-channel-opacity is-style-default\"\/>\n\n\n\n<p class=\"has-text-align-center\"><strong>Sallader &amp; Bowl<\/strong><\/p>\n\n\n\n<p class=\"has-text-align-center\"><strong>Veckans Bowl:\u00a0<\/strong>Quinoa toppas med handskalade r\u00e4kor, kimchi, sj\u00f6gr\u00e4ssallad, mor\u00f6tter, avokado, mango, edamame, sesamfr\u00f6n &amp; Ponzu-mayo (G, \u00c4)<\/p>\n\n\n\n<p class=\"has-text-align-center\"><strong>Veckans sallad:<\/strong> Kyckling Mango Raja, gr\u00f6nsakscouscous, soltorkade tomater, gurka, majs, r\u00f6d l\u00f6k (G, \u00c4)<\/p>\n\n\n\n<p class=\"has-text-align-center\"><strong>Kycklingsallad<\/strong>: Kyckling, salladsost, majs, ananas, paprika, tomat, gurka L<\/p>\n\n\n\n<p class=\"has-text-align-center\"><strong>Tonfisksallad<\/strong>: Tonfisk, \u00e4gg, r\u00f6dl\u00f6k, majs, \u00e4rtor, paprika, citron, tomat, gurka<\/p>\n\n\n\n<p class=\"has-text-align-center\"><strong>R\u00e4ksallad<\/strong>: Hand skalade r\u00e4kor, \u00e4gg, majs, \u00e4rtor, paprika, citron, tomat, gurka<\/p>\n\n\n\n<p class=\"has-text-align-center\"><strong>Grekisk sallad<\/strong>: Salladsost, r\u00f6dl\u00f6k, oliver, paprika, tomat, gurka L<\/p>\n\n\n\n<p class=\"has-text-align-center\"><strong>Ost &amp; Skinksallad<\/strong>: Ost, skinka, ananas, \u00e4rtor, majs, paprika, tomat, gurka<\/p>\n\n\n\n<hr class=\"wp-block-separator alignwide has-alpha-channel-opacity is-style-default\"\/>\n\n\n\n<p class=\"has-text-align-center\"><strong>Veckans Vegetariska:<\/strong><\/p>\n\n\n\n<p class=\"has-text-align-center\">Rotfruktspytt serveras med stekt \u00e4gg samt r\u00f6dbetor<\/p>\n\n\n\n<hr class=\"wp-block-separator alignwide has-alpha-channel-opacity is-style-default\"\/>\n\n\n\n<p class=\"has-text-align-center\"><\/p>\n<\/div>\n\n\n\n<div class=\"wp-block-column has-very-light-gray-to-cyan-bluish-gray-gradient-background has-background is-layout-flow wp-block-column-is-layout-flow\" style=\"flex-basis:50%\">\n<h1 class=\"wp-block-heading\">Lunchcatering<\/h1>\n\n\n\n<p>Hos oss finns m\u00f6jlighet att best\u00e4lla lunch till er arbetsplats.<br><br>Vi k\u00f6r ut maten till er, smidigt och bekv\u00e4mt!<\/p>\n\n\n\n<h2 class=\"wp-block-heading\"><br><\/h2>\n\n\n\n<p><\/p>\n\n\n\n<h2 class=\"wp-block-heading\">\u00d6ppettider<\/h2>\n\n\n\n<p>Lunchen serveras fram till kl: 14.00.<\/p>\n\n\n\n<p><\/p>\n\n\n\n<p><\/p>\n\n\n\n<p><\/p>\n\n\n\n<p><\/p>\n\n\n\n<p><\/p>\n\n\n\n<p><\/p>\n\n\n\n<p style=\"font-size:26px\">Prislista<\/p>\n\n\n\n<p>Lunchh\u00e4fte med 10 st luncher: 1090 kr<\/p>\n\n\n\n<p>Dagens lunch 124 kr inkl. dryck<\/p>\n\n\n\n<p>Avh\u00e4mtning dagens lunch 99 kr<\/p>\n\n\n\n<p>Avh\u00e4mtning dagens lunch 109 kr inkl. dryck<\/p>\n\n\n\n<p><\/p>\n<\/div>\n<\/div>\n<\/div>\n<\/div>\n<\/div>\n\n\n\n<div class=\"wp-block-columns is-layout-flex wp-container-core-columns-is-layout-3 wp-block-columns-is-layout-flex\">\n<div class=\"wp-block-column is-layout-flow wp-block-column-is-layout-flow\"><\/div>\n\n\n\n<div class=\"wp-block-column is-layout-flow wp-block-column-is-layout-flow\"><\/div>\n<\/div>\n","protected":false},"excerpt":{"rendered":"<p>Hos oss har ni m\u00f6jlighet att best\u00e4lla lunch direkt till arbetsplatsen \u2013 vi levererar maten smidigt och bekv\u00e4mt!<\/p>\n","protected":false},"author":1,"featured_media":0,"parent":0,"menu_order":0,"comment_status":"closed","ping_status":"closed","template":"","meta":{"_monsterinsights_skip_tracking":false,"_monsterinsights_sitenote_active":false,"_monsterinsights_sitenote_note":"","_monsterinsights_sitenote_category":0,"footnotes":""},"class_list":["post-2","page","type-page","status-publish","hentry"],"yoast_head":"<!-- This site is optimized with the Yoast SEO plugin v23.2 - https:\/\/yoast.com\/wordpress\/plugins\/seo\/ -->\n<title>Vecka 18 - Restaurang PS<\/title>\n<meta name=\"description\" content=\"Lunchrestaurang som serverar svensk husmanskost med diverse alternativ. Raggmunk med fl\u00e4sk \u00e4r en specialitet. V\u00e4lkomna in!\" \/>\n<meta name=\"robots\" content=\"index, follow, max-snippet:-1, max-image-preview:large, max-video-preview:-1\" \/>\n<link rel=\"canonical\" href=\"https:\/\/www.restaurangps.se\/\" \/>\n<meta property=\"og:locale\" content=\"sv_SE\" \/>\n<meta property=\"og:type\" content=\"article\" \/>\n<meta property=\"og:title\" content=\"Vecka 18 - Restaurang PS\" \/>\n<meta property=\"og:description\" content=\"Lunchrestaurang som serverar svensk husmanskost med diverse alternativ. Raggmunk med fl\u00e4sk \u00e4r en specialitet. V\u00e4lkomna in!\" \/>\n<meta property=\"og:url\" content=\"https:\/\/www.restaurangps.se\/\" \/>\n<meta property=\"og:site_name\" content=\"Restaurang PS\" \/>\n<meta property=\"article:modified_time\" content=\"2026-04-26T07:01:41+00:00\" \/>\n<meta name=\"twitter:card\" content=\"summary_large_image\" \/>\n<meta name=\"twitter:label1\" content=\"Ber\u00e4knad l\u00e4stid\" \/>\n\t<meta name=\"twitter:data1\" content=\"2 minuter\" \/>\n<script type=\"application\/ld+json\" class=\"yoast-schema-graph\">{\"@context\":\"https:\/\/schema.org\",\"@graph\":[{\"@type\":\"WebPage\",\"@id\":\"https:\/\/www.restaurangps.se\/\",\"url\":\"https:\/\/www.restaurangps.se\/\",\"name\":\"Vecka 18 - Restaurang PS\",\"isPartOf\":{\"@id\":\"https:\/\/www.restaurangps.se\/#website\"},\"datePublished\":\"2024-04-06T17:31:40+00:00\",\"dateModified\":\"2026-04-26T07:01:41+00:00\",\"description\":\"Lunchrestaurang som serverar svensk husmanskost med diverse alternativ. Raggmunk med fl\u00e4sk \u00e4r en specialitet. V\u00e4lkomna in!\",\"breadcrumb\":{\"@id\":\"https:\/\/www.restaurangps.se\/#breadcrumb\"},\"inLanguage\":\"sv-SE\",\"potentialAction\":[{\"@type\":\"ReadAction\",\"target\":[\"https:\/\/www.restaurangps.se\/\"]}]},{\"@type\":\"BreadcrumbList\",\"@id\":\"https:\/\/www.restaurangps.se\/#breadcrumb\",\"itemListElement\":[{\"@type\":\"ListItem\",\"position\":1,\"name\":\"Home\",\"item\":\"https:\/\/www.restaurangps.se\/\"},{\"@type\":\"ListItem\",\"position\":2,\"name\":\"Vecka 18\"}]},{\"@type\":\"WebSite\",\"@id\":\"https:\/\/www.restaurangps.se\/#website\",\"url\":\"https:\/\/www.restaurangps.se\/\",\"name\":\"Restaurang PS\",\"description\":\"\",\"potentialAction\":[{\"@type\":\"SearchAction\",\"target\":{\"@type\":\"EntryPoint\",\"urlTemplate\":\"https:\/\/www.restaurangps.se\/?s={search_term_string}\"},\"query-input\":\"required name=search_term_string\"}],\"inLanguage\":\"sv-SE\"}]}<\/script>\n<!-- \/ Yoast SEO plugin. -->","yoast_head_json":{"title":"Vecka 18 - Restaurang PS","description":"Lunchrestaurang som serverar svensk husmanskost med diverse alternativ. Raggmunk med fl\u00e4sk \u00e4r en specialitet. V\u00e4lkomna in!","robots":{"index":"index","follow":"follow","max-snippet":"max-snippet:-1","max-image-preview":"max-image-preview:large","max-video-preview":"max-video-preview:-1"},"canonical":"https:\/\/www.restaurangps.se\/","og_locale":"sv_SE","og_type":"article","og_title":"Vecka 18 - Restaurang PS","og_description":"Lunchrestaurang som serverar svensk husmanskost med diverse alternativ. Raggmunk med fl\u00e4sk \u00e4r en specialitet. V\u00e4lkomna in!","og_url":"https:\/\/www.restaurangps.se\/","og_site_name":"Restaurang PS","article_modified_time":"2026-04-26T07:01:41+00:00","twitter_card":"summary_large_image","twitter_misc":{"Ber\u00e4knad l\u00e4stid":"2 minuter"},"schema":{"@context":"https:\/\/schema.org","@graph":[{"@type":"WebPage","@id":"https:\/\/www.restaurangps.se\/","url":"https:\/\/www.restaurangps.se\/","name":"Vecka 18 - Restaurang PS","isPartOf":{"@id":"https:\/\/www.restaurangps.se\/#website"},"datePublished":"2024-04-06T17:31:40+00:00","dateModified":"2026-04-26T07:01:41+00:00","description":"Lunchrestaurang som serverar svensk husmanskost med diverse alternativ. Raggmunk med fl\u00e4sk \u00e4r en specialitet. V\u00e4lkomna in!","breadcrumb":{"@id":"https:\/\/www.restaurangps.se\/#breadcrumb"},"inLanguage":"sv-SE","potentialAction":[{"@type":"ReadAction","target":["https:\/\/www.restaurangps.se\/"]}]},{"@type":"BreadcrumbList","@id":"https:\/\/www.restaurangps.se\/#breadcrumb","itemListElement":[{"@type":"ListItem","position":1,"name":"Home","item":"https:\/\/www.restaurangps.se\/"},{"@type":"ListItem","position":2,"name":"Vecka 18"}]},{"@type":"WebSite","@id":"https:\/\/www.restaurangps.se\/#website","url":"https:\/\/www.restaurangps.se\/","name":"Restaurang PS","description":"","potentialAction":[{"@type":"SearchAction","target":{"@type":"EntryPoint","urlTemplate":"https:\/\/www.restaurangps.se\/?s={search_term_string}"},"query-input":"required name=search_term_string"}],"inLanguage":"sv-SE"}]}},"_links":{"self":[{"href":"https:\/\/www.restaurangps.se\/index.php?rest_route=\/wp\/v2\/pages\/2"}],"collection":[{"href":"https:\/\/www.restaurangps.se\/index.php?rest_route=\/wp\/v2\/pages"}],"about":[{"href":"https:\/\/www.restaurangps.se\/index.php?rest_route=\/wp\/v2\/types\/page"}],"author":[{"embeddable":true,"href":"https:\/\/www.restaurangps.se\/index.php?rest_route=\/wp\/v2\/users\/1"}],"replies":[{"embeddable":true,"href":"https:\/\/www.restaurangps.se\/index.php?rest_route=%2Fwp%2Fv2%2Fcomments&post=2"}],"version-history":[{"count":5,"href":"https:\/\/www.restaurangps.se\/index.php?rest_route=\/wp\/v2\/pages\/2\/revisions"}],"predecessor-version":[{"id":531,"href":"https:\/\/www.restaurangps.se\/index.php?rest_route=\/wp\/v2\/pages\/2\/revisions\/531"}],"wp:attachment":[{"href":"https:\/\/www.restaurangps.se\/index.php?rest_route=%2Fwp%2Fv2%2Fmedia&parent=2"}],"curies":[{"name":"wp","href":"https:\/\/api.w.org\/{rel}","templated":true}]}}